{"id":9114,"date":"2025-10-06T16:35:32","date_gmt":"2025-10-06T14:35:32","guid":{"rendered":"https:\/\/scramblegolftour.org\/?page_id=9114"},"modified":"2025-10-06T18:14:11","modified_gmt":"2025-10-06T16:14:11","slug":"retrospective","status":"publish","type":"page","link":"https:\/\/scramblegolftour.org\/index.php\/retrospective\/","title":{"rendered":"R\u00c9TROSPECTIVE"},"content":{"rendered":"\n<p class=\"has-medium-font-size\">R\u00e9trospective des pr\u00e9c\u00e9dentes \u00e9ditions Scramble Tour Grand Est<\/p>\n\n\n\n<div style=\"height:50px\" aria-hidden=\"true\" class=\"wp-block-spacer\"><\/div>\n\n\n\n<h2 class=\"wp-block-heading\">\u00c9dition Grand Est 2024<\/h2>\n\n\n\n<figure class=\"wp-block-embed is-type-video is-provider-youtube wp-block-embed-youtube wp-embed-aspect-16-9 wp-has-aspect-ratio\"><div class=\"wp-block-embed__wrapper\">\n<iframe loading=\"lazy\" title=\"SCRAMBLE TOUR GRAND EST 2024\" width=\"793\" height=\"446\" src=\"https:\/\/www.youtube.com\/embed\/cStmx2jkYB8?feature=oembed\" frameborder=\"0\" allow=\"accelerometer; autoplay; clipboard-write; encrypted-media; gyroscope; picture-in-picture; web-share\" referrerpolicy=\"strict-origin-when-cross-origin\" allowfullscreen><\/iframe>\n<\/div><\/figure>\n\n\n\n<div class=\"wp-block-columns is-layout-flex wp-container-core-columns-is-layout-9d6595d7 wp-block-columns-is-layout-flex\">\n<div class=\"wp-block-column is-layout-flow wp-block-column-is-layout-flow\"><\/div>\n\n\n\n<div class=\"wp-block-column is-layout-flow wp-block-column-is-layout-flow\"><\/div>\n<\/div>\n\n\n\n<h2 class=\"wp-block-heading\">\u00c9dition Grand Est<strong> <\/strong>2023<\/h2>\n\n\n\n<div class=\"wp-block-columns is-layout-flex wp-container-core-columns-is-layout-9d6595d7 wp-block-columns-is-layout-flex\">\n<div class=\"wp-block-column is-layout-flow wp-block-column-is-layout-flow\">\n<h3 class=\"wp-block-heading\">Champagne 2023<\/h3>\n\n\n\n<figure class=\"wp-block-embed is-type-video is-provider-youtube wp-block-embed-youtube wp-embed-aspect-16-9 wp-has-aspect-ratio\"><div class=\"wp-block-embed__wrapper\">\n<iframe loading=\"lazy\" title=\"SCRAMBLE GOLF TOUR 2023 CHAMPAGNE - GOLF DE CHALONS - GOLF DE REIMS - GOLF DES POURSAUDES\" width=\"793\" height=\"446\" src=\"https:\/\/www.youtube.com\/embed\/X4Yzg5LA4TU?feature=oembed\" frameborder=\"0\" allow=\"accelerometer; autoplay; clipboard-write; encrypted-media; gyroscope; picture-in-picture; web-share\" referrerpolicy=\"strict-origin-when-cross-origin\" allowfullscreen><\/iframe>\n<\/div><\/figure>\n<\/div>\n\n\n\n<div class=\"wp-block-column is-layout-flow wp-block-column-is-layout-flow\">\n<h3 class=\"wp-block-heading\">Alsace 2023<\/h3>\n\n\n\n<figure class=\"wp-block-embed is-type-video is-provider-youtube wp-block-embed-youtube wp-embed-aspect-16-9 wp-has-aspect-ratio\"><div class=\"wp-block-embed__wrapper\">\n<iframe loading=\"lazy\" title=\"SCRAMBLE GOLF TOUR 2023 ALSACE\" width=\"793\" height=\"446\" src=\"https:\/\/www.youtube.com\/embed\/83xw6Bgf1BQ?feature=oembed\" frameborder=\"0\" allow=\"accelerometer; autoplay; clipboard-write; encrypted-media; gyroscope; picture-in-picture; web-share\" referrerpolicy=\"strict-origin-when-cross-origin\" allowfullscreen><\/iframe>\n<\/div><\/figure>\n<\/div>\n<\/div>\n\n\n\n<div class=\"wp-block-columns is-layout-flex wp-container-core-columns-is-layout-9d6595d7 wp-block-columns-is-layout-flex\">\n<div class=\"wp-block-column is-layout-flow wp-block-column-is-layout-flow\">\n<h3 class=\"wp-block-heading\">Lorraine 2023<\/h3>\n\n\n\n<figure class=\"wp-block-embed is-type-video is-provider-youtube wp-block-embed-youtube wp-embed-aspect-16-9 wp-has-aspect-ratio\"><div class=\"wp-block-embed__wrapper\">\n<iframe loading=\"lazy\" title=\"SCRAMBLE GOLF TOUR 2023 LORRAINE - LIGUE DE GOLF GRAND EST\" width=\"793\" height=\"446\" src=\"https:\/\/www.youtube.com\/embed\/YyLfpkx5i58?feature=oembed\" frameborder=\"0\" allow=\"accelerometer; autoplay; clipboard-write; encrypted-media; gyroscope; picture-in-picture; web-share\" referrerpolicy=\"strict-origin-when-cross-origin\" allowfullscreen><\/iframe>\n<\/div><\/figure>\n<\/div>\n\n\n\n<div class=\"wp-block-column is-layout-flow wp-block-column-is-layout-flow\"><\/div>\n<\/div>\n\n\n\n<h2 class=\"wp-block-heading\">\u00c9dition Grand Est 2022<\/h2>\n\n\n\n<figure class=\"wp-block-embed is-type-video is-provider-youtube wp-block-embed-youtube wp-embed-aspect-16-9 wp-has-aspect-ratio\"><div class=\"wp-block-embed__wrapper\">\n<iframe loading=\"lazy\" title=\"SCRAMBLE GOLF TOUR 2022\" width=\"793\" height=\"446\" src=\"https:\/\/www.youtube.com\/embed\/bl0akMJsKAY?feature=oembed\" frameborder=\"0\" allow=\"accelerometer; autoplay; clipboard-write; encrypted-media; gyroscope; picture-in-picture; web-share\" referrerpolicy=\"strict-origin-when-cross-origin\" allowfullscreen><\/iframe>\n<\/div><\/figure>\n\n\n\n<h2 class=\"wp-block-heading\">\u00c9dition Grand Est 2021<\/h2>\n\n\n\n<figure class=\"wp-block-embed is-type-video is-provider-youtube wp-block-embed-youtube wp-embed-aspect-16-9 wp-has-aspect-ratio\"><div class=\"wp-block-embed__wrapper\">\n<iframe loading=\"lazy\" title=\"SCRAMBLE GOLF TOUR 21\" width=\"793\" height=\"446\" src=\"https:\/\/www.youtube.com\/embed\/uUnQAXnxwEY?feature=oembed\" frameborder=\"0\" allow=\"accelerometer; autoplay; clipboard-write; encrypted-media; gyroscope; picture-in-picture; web-share\" referrerpolicy=\"strict-origin-when-cross-origin\" allowfullscreen><\/iframe>\n<\/div><\/figure>\n\n\n\n<h2 class=\"wp-block-heading\">\u00c9dition Grand Est 2020<\/h2>\n\n\n\n<figure class=\"wp-block-embed is-type-video is-provider-youtube wp-block-embed-youtube wp-embed-aspect-16-9 wp-has-aspect-ratio\"><div class=\"wp-block-embed__wrapper\">\n<iframe loading=\"lazy\" title=\"Scramble Golf Tour 2020 - Grand Est\" width=\"793\" height=\"446\" src=\"https:\/\/www.youtube.com\/embed\/CLD8zP7Ygkw?feature=oembed\" frameborder=\"0\" allow=\"accelerometer; autoplay; clipboard-write; encrypted-media; gyroscope; picture-in-picture; web-share\" referrerpolicy=\"strict-origin-when-cross-origin\" allowfullscreen><\/iframe>\n<\/div><\/figure>\n","protected":false},"excerpt":{"rendered":"<p>R\u00e9trospective des pr\u00e9c\u00e9dentes \u00e9ditions Scramble Tour Grand Est \u00c9dition Grand Est 2024 \u00c9dition Grand Est 2023 Champagne 2023 Alsace 2023 Lorraine 2023 \u00c9dition Grand Est 2022 \u00c9dition Grand Est 2021 \u00c9dition Grand Est 2020<\/p>\n","protected":false},"author":3,"featured_media":0,"parent":0,"menu_order":0,"comment_status":"closed","ping_status":"closed","template":"page-templates\/page-full-width.php","meta":{"footnotes":""},"class_list":["post-9114","page","type-page","status-publish","hentry"],"_links":{"self":[{"href":"https:\/\/scramblegolftour.org\/index.php\/wp-json\/wp\/v2\/pages\/9114","targetHints":{"allow":["GET"]}}],"collection":[{"href":"https:\/\/scramblegolftour.org\/index.php\/wp-json\/wp\/v2\/pages"}],"about":[{"href":"https:\/\/scramblegolftour.org\/index.php\/wp-json\/wp\/v2\/types\/page"}],"author":[{"embeddable":true,"href":"https:\/\/scramblegolftour.org\/index.php\/wp-json\/wp\/v2\/users\/3"}],"replies":[{"embeddable":true,"href":"https:\/\/scramblegolftour.org\/index.php\/wp-json\/wp\/v2\/comments?post=9114"}],"version-history":[{"count":12,"href":"https:\/\/scramblegolftour.org\/index.php\/wp-json\/wp\/v2\/pages\/9114\/revisions"}],"predecessor-version":[{"id":9130,"href":"https:\/\/scramblegolftour.org\/index.php\/wp-json\/wp\/v2\/pages\/9114\/revisions\/9130"}],"wp:attachment":[{"href":"https:\/\/scramblegolftour.org\/index.php\/wp-json\/wp\/v2\/media?parent=9114"}],"curies":[{"name":"wp","href":"https:\/\/api.w.org\/{rel}","templated":true}]}}