{"id":8258,"date":"2025-02-18T09:11:21","date_gmt":"2025-02-18T08:11:21","guid":{"rendered":"https:\/\/scramblegolftour.org\/?page_id=8258"},"modified":"2025-02-18T09:24:34","modified_gmt":"2025-02-18T08:24:34","slug":"droit-image","status":"publish","type":"page","link":"https:\/\/scramblegolftour.org\/index.php\/droit-image\/","title":{"rendered":"DROIT A L&rsquo;IMAGE"},"content":{"rendered":"\n<p>Les images et vid\u00e9os diffus\u00e9es sur le site www.scramblegolftour.org et sur les profils officiels de r\u00e9seaux sociaux sont la propri\u00e9t\u00e9 de la Ligue de Golf Grand Est.<br>Ces images et\/ou vid\u00e9os sont prises dans le cadre de l&rsquo;activit\u00e9 de la Ligue de Golf Grand Est, elles peuvent \u00eatre diffus\u00e9es sans autorisation pr\u00e9alable de la part des figurants sur ces supports. Ces supports photo ou vid\u00e9o peuvent \u00eatre utilis\u00e9s par des tiers \u00e0 des fins d&rsquo;actualit\u00e9 sportive ou pour un travail historique sur le golf sans autorisation pr\u00e9alable de la Ligue.<\/p>\n\n\n\n<h2 class=\"wp-block-heading\">Cr\u00e9dit Photo<\/h2>\n\n\n\n<p>Les photographies ou vid\u00e9os utilis\u00e9es par des tiers via le site internet Scramble Golf Tour, propri\u00e9t\u00e9 de la Ligue de Golf Grand Est, doivent mentionner le nom du photographe auteur de la photographie et\/ou faire r\u00e9f\u00e9rence \u00e0 la Ligue de Golf Grand Est.<br>Les photographies prises par des photographes amateurs ou professionnels, dans le cadre des activit\u00e9s sportives de la Ligue de Golf Grand Est peuvent \u00eatre transmises \u00e0 la Direction de la Ligue par e-mail : contact@ligue-golfgrandest.org.<\/p>\n\n\n\n<p>Les auteurs ne peuvent pr\u00e9tendre \u00e0 aucune r\u00e9mun\u00e9ration ou une quelconque contrepartie financi\u00e8re. Ces photographies peuvent \u00eatre diffus\u00e9es sans autorisation pr\u00e9alable sur tout type de supports, si elles sont utilis\u00e9es \u00e0 des fins d&rsquo;actualit\u00e9s sportives ou si elles contribuent \u00e0 l&rsquo;information couvrant les \u00e9v\u00e9nements sportifs organis\u00e9s par la Ligue de Golf Grand Est. La mention de l&rsquo;auteur de la photographie n&rsquo;est pas une obligation qui s&rsquo;impose \u00e0 leur diffusion. <\/p>\n\n\n\n<p>En revanche, si les photographies ont \u00e9t\u00e9 prises dans le cadre de la vie priv\u00e9e des golfeurs, sportifs, accompagnants et dirigeants une autorisation de publication est indispensable \u00e0 leur diffusion.<\/p>\n\n\n\n<h2 class=\"wp-block-heading\">Droit \u00e0 l&rsquo;image<\/h2>\n\n\n\n<p>Toutes les personnes (comp\u00e9titeurs, organisateurs, accompagnants, spectateurs et dirigeants) participant aux \u00e9preuves et aux \u00e9v\u00e8nements sportifs organis\u00e9s par la Ligue de Golf Grand Est et ses partenaires autorisent la Ligue de Golf Grand Est dans le cadre de sa communication \u00e0 diffuser r\u00e9sultats sportifs et\/ou images sur tout support pendant un d\u00e9lai de cinq ans.<br>La diffusion des r\u00e9sultats sportifs et\/ou images des participants n&rsquo;ouvre aucun droit ou contrepartie financi\u00e8re \u00e0 leur profit.<\/p>\n","protected":false},"excerpt":{"rendered":"<p>Les images et vid\u00e9os diffus\u00e9es sur le site www.scramblegolftour.org et sur les profils officiels de r\u00e9seaux sociaux sont la propri\u00e9t\u00e9 de la Ligue de Golf Grand Est.Ces images et\/ou vid\u00e9os sont prises dans le cadre de l&rsquo;activit\u00e9 de la Ligue de Golf Grand Est, elles peuvent \u00eatre diffus\u00e9es sans autorisation pr\u00e9alable de la part des [&hellip;]<\/p>\n","protected":false},"author":3,"featured_media":0,"parent":0,"menu_order":0,"comment_status":"closed","ping_status":"closed","template":"page-templates\/page-full-width.php","meta":{"footnotes":""},"class_list":["post-8258","page","type-page","status-publish","hentry"],"_links":{"self":[{"href":"https:\/\/scramblegolftour.org\/index.php\/wp-json\/wp\/v2\/pages\/8258","targetHints":{"allow":["GET"]}}],"collection":[{"href":"https:\/\/scramblegolftour.org\/index.php\/wp-json\/wp\/v2\/pages"}],"about":[{"href":"https:\/\/scramblegolftour.org\/index.php\/wp-json\/wp\/v2\/types\/page"}],"author":[{"embeddable":true,"href":"https:\/\/scramblegolftour.org\/index.php\/wp-json\/wp\/v2\/users\/3"}],"replies":[{"embeddable":true,"href":"https:\/\/scramblegolftour.org\/index.php\/wp-json\/wp\/v2\/comments?post=8258"}],"version-history":[{"count":0,"href":"https:\/\/scramblegolftour.org\/index.php\/wp-json\/wp\/v2\/pages\/8258\/revisions"}],"wp:attachment":[{"href":"https:\/\/scramblegolftour.org\/index.php\/wp-json\/wp\/v2\/media?parent=8258"}],"curies":[{"name":"wp","href":"https:\/\/api.w.org\/{rel}","templated":true}]}}