{"id":8241,"date":"2025-02-18T08:41:55","date_gmt":"2025-02-18T07:41:55","guid":{"rendered":"https:\/\/scramblegolftour.org\/?page_id=8241"},"modified":"2025-08-01T14:09:54","modified_gmt":"2025-08-01T12:09:54","slug":"mentions-legales","status":"publish","type":"page","link":"https:\/\/scramblegolftour.org\/index.php\/mentions-legales\/","title":{"rendered":"MENTIONS L\u00c9GALES ET POLITIQUE DE CONFIDENTIALIT\u00c9"},"content":{"rendered":"\n<h2 class=\"wp-block-heading\">Mentions l\u00e9gales<\/h2>\n\n\n\n<p>Le site www.scramblegolftour.org est \u00e9dit\u00e9 par :<\/p>\n\n\n\n<p><strong>LA LIGUE DE GOLF GRAND EST<\/strong><br>[d\u00e9nomm\u00e9 La Ligue]<br>13 rue Jean Moulin 54510 Tomblaine<br>Dir. de publication : Philippe PINCELOUP Pr\u00e9sident<br>Resp. \u00e9ditorial : Philippe PINCELOUP &#8211; H\u00e9l\u00e8ne JAGER &#8211; Didier BRENNEMANN<br>H\u00e9bergement : OVH | 2 rue Kellermann | Roubaix | France<\/p>\n\n\n\n<h3 class=\"wp-block-heading\">Informations CNIL<\/h3>\n\n\n\n<p>Les informations nominatives recueillies \u00e0 l\u2019occasion d\u2019une demande sur le site sont destin\u00e9es \u00e0 l\u2019usage de La Ligue. Elles pourront donner lieu \u00e0 exercice du droit d\u2019acc\u00e8s et de rectification aupr\u00e8s de La Ligue dans les conditions pr\u00e9vues par la loi n\u00b0 78-17 du 06 Janvier 1978 relative \u00e0 l\u2019informatique, aux fichiers et aux libert\u00e9s.<\/p>\n\n\n\n<h3 class=\"wp-block-heading\">Droit d\u2019auteur<\/h3>\n\n\n\n<p>Le site www.scramblegolftour.org rel\u00e8ve de la l\u00e9gislation fran\u00e7aise et internationale sur le droit d\u2019auteur et la propri\u00e9t\u00e9 intellectuelle. Tous les droits de reproduction sont r\u00e9serv\u00e9s, y compris pour les documents t\u00e9l\u00e9chargeables et les repr\u00e9sentations iconographiques et photographiques. La reproduction de tout ou partie de ce site sur un support \u00e9lectronique quel qu\u2019il soit est formellement interdite sauf autorisation expresse de La Ligue qui est \u00e9galement directeur de publication. Vous pouvez \u00e9crire \u00e0 l\u2019administrateur du site via le formulaire de contact qui vous fera part de sa r\u00e9ponse.<\/p>\n\n\n\n<h3 class=\"wp-block-heading\">Droit applicable<\/h3>\n\n\n\n<p>Le pr\u00e9sent site est soumis aux dispositions du droit interne fran\u00e7ais. La langue par d\u00e9faut du site est la langue fran\u00e7aise. D\u2019autres langues peuvent \u00eatre n\u00e9anmoins propos\u00e9es \u00e0 titre informatif comme l\u2019anglais et l\u2019allemand. En cas de litige, seuls les tribunaux fran\u00e7ais seront comp\u00e9tents.<\/p>\n\n\n\n<h3 class=\"wp-block-heading\">Acc\u00e8s au site<\/h3>\n\n\n\n<p>L\u2019utilisateur du site www.scramblegolftour.org reconna\u00eet disposer de la comp\u00e9tence et des moyens n\u00e9cessaires pour acc\u00e9der et utiliser ce site. La Ligue ne saurait \u00eatre tenu responsable des \u00e9l\u00e9ments en dehors de son contr\u00f4le et des dommages qui pourraient \u00e9ventuellement \u00eatre subis par l\u2019environnement technique de l\u2019utilisateur et notamment, ses ordinateurs, logiciels, \u00e9quipements r\u00e9seaux et tout autre mat\u00e9riel utilis\u00e9 pour acc\u00e9der ou utiliser le service et\/ou les informations. Il est rappel\u00e9 que le fait d\u2019acc\u00e9der ou de se maintenir frauduleusement dans un syst\u00e8me informatique, d\u2019entraver ou de fausser le fonctionnement d\u2019un tel syst\u00e8me, d\u2019introduire ou de modifier frauduleusement des donn\u00e9es dans un syst\u00e8me informatique constituent des d\u00e9lits passibles de sanctions p\u00e9nales.<\/p>\n\n\n\n<h3 class=\"wp-block-heading\">Contenu du site<\/h3>\n\n\n\n<p>La Ligue se r\u00e9serve le droit de corriger, \u00e0 tout moment et sans pr\u00e9avis, le contenu de ce site. En outre, La Ligue d\u00e9cline toute responsabilit\u00e9 en cas de retard, d\u2019erreur ou d\u2019omission quant au contenu des pr\u00e9sentes pages, de m\u00eame qu\u2019en cas d\u2019interruption ou de non disponibilit\u00e9 du service.<\/p>\n\n\n\n<h3 class=\"wp-block-heading\">Liens Hypertextes<\/h3>\n\n\n\n<p>Le site www.scramblegolftour.org contient des liens hypertextes permettant l\u2019acc\u00e8s \u00e0 des sites qui ne sont pas \u00e9dit\u00e9s par La Ligue. En cons\u00e9quence cette derni\u00e8re ne saurait \u00eatre tenue pour responsable du contenu des sites auxquels l\u2019internaute aurait ainsi acc\u00e8s. La cr\u00e9ation de liens hypertextes vers le site www.scramblegolftour.org doit faire l\u2019objet d\u2019une autorisation pr\u00e9alable \u00e0 La Ligue.<\/p>\n\n\n\n<h3 class=\"wp-block-heading\">Mises \u00e0 jour du site<\/h3>\n\n\n\n<p>Le site est mis \u00e0 jour r\u00e9guli\u00e8rement par La Ligue. De la m\u00eame fa\u00e7on, les mentions l\u00e9gales peuvent \u00eatre modifi\u00e9es \u00e0 tout moment : elles s\u2019imposent n\u00e9anmoins \u00e0 l\u2019internaute qui est invit\u00e9 \u00e0 s\u2019y r\u00e9f\u00e9rer le plus souvent possible afin d\u2019en prendre connaissance.<\/p>\n\n\n\n<div style=\"height:60px\" aria-hidden=\"true\" class=\"wp-block-spacer\"><\/div>\n\n\n\n<h2 class=\"wp-block-heading\">Politique de confidentialit\u00e9<\/h2>\n\n\n\n<h3 class=\"wp-block-heading\">Donn\u00e9es personnelles<\/h3>\n\n\n\n<p>Dans l\u2019Union Europ\u00e9enne, vos donn\u00e9es personnelles sont notamment prot\u00e9g\u00e9es par le r\u00e8glement g\u00e9n\u00e9ral sur la protection des donn\u00e9es par le r\u00e8glement (EU-RGPD) 2016\/676 du 27 avril 2016.<\/p>\n\n\n\n<p>A l\u2019occasion de l\u2019utilisation du site www.scramblegolftour.org, peuvent \u00eatre recueillis : l\u2019URL des liens par l\u2019interm\u00e9diaire desquels l\u2019utilisateur a acc\u00e9d\u00e9 au site www.scramblegolftour.org, le fournisseur d\u2019acc\u00e8s de l\u2019utilisateur, l\u2019adresse de protocole Internet (IP) de l\u2019utilisateur, informations saisies dans nos formulaires (contact).<\/p>\n\n\n\n<p>En tout \u00e9tat de cause SCRAMBLE GOLF TOUR ne collecte des informations personnelles relatives \u00e0 l\u2019utilisateur que pour le besoin de certains services propos\u00e9s par le site www.scramblegolftour.org. L\u2019utilisateur fournit ces informations en toute connaissance de cause, notamment lorsqu\u2019il proc\u00e8de par lui-m\u00eame \u00e0 leur saisie sur le formulaire de r\u00e9servation. Il est alors pr\u00e9cis\u00e9 \u00e0 l\u2019utilisateur du site www.scramblegolftour.org l\u2019obligation ou non de fournir ces informations.<\/p>\n\n\n\n<p>Conform\u00e9ment aux dispositions des articles contenu dans le chapitre III \u2013 \u00ab\u00a0Droits de la personne concern\u00e9e \u00bb du r\u00e8glement (EU-RGPD) 2016\/679 du 27 avril 2016, l\u2019utilisateur dispose d\u2019un droit d\u2019acc\u00e8s, de modification, de suppression et d\u2019opposition des donn\u00e9es personnelles qui vous concernent. Pour cela, il suffit d\u2019en faire la demande via le formulaire de contact.<\/p>\n\n\n\n<p>Aucune information personnelle de l\u2019utilisateur du site www.scramblegolftour.org n\u2019est publi\u00e9e \u00e0 l\u2019insu de l\u2019utilisateur, \u00e9chang\u00e9e, transf\u00e9r\u00e9e, c\u00e9d\u00e9e ou vendue sur un support quelconque \u00e0 des tiers.<br>Les bases de donn\u00e9es sont prot\u00e9g\u00e9es par les dispositions de la loi du 1er juillet 1998 transposant la directive 96\/9 du 11 mars 1996 relative \u00e0 la protection juridique des bases de donn\u00e9es.<\/p>\n\n\n\n<h3 class=\"wp-block-heading\">Dur\u00e9e de stockage de vos donn\u00e9es<\/h3>\n\n\n\n<p>Nous conservons les donn\u00e9es re\u00e7ues via les formulaires pendant 24 mois, les statistiques de visites pendant 12 mois.<\/p>\n\n\n\n<h3 class=\"wp-block-heading\">S\u00e9curisation des donn\u00e9es personnelles<\/h3>\n\n\n\n<p>Aucune donn\u00e9e personnelle de l\u2019utilisateur du site web SCRAMBLE GOLF TOUR (www.scramblegolftour.org) n\u2019est publi\u00e9e \u00e0 l\u2019insu de l\u2019utilisateur, \u00e9chang\u00e9e, transf\u00e9r\u00e9e, c\u00e9d\u00e9e ou vendue sur un support quelconque \u00e0 des tiers. Seule l\u2019hypoth\u00e8se du rachat de SCRAMBLE GOLF TOUR et de ses droits permettrait la transmission des dites informations \u00e0 l\u2019\u00e9ventuel acqu\u00e9reur qui serait \u00e0 son tour tenu de la m\u00eame obligation de conservation et de modification des donn\u00e9es vis-\u00e0-vis de l\u2019utilisateur du site web SCRAMBLE GOLF TOUR (www.scramblegolftour.org).<\/p>\n\n\n\n<p>SCRAMBLE GOLF TOUR s\u2019interdit de traiter, h\u00e9berger ou transf\u00e9rer les informations collect\u00e9es vers un pays situ\u00e9 en dehors de l\u2019Union Europ\u00e9enne ou reconnu comme \u00ab non ad\u00e9quat \u00bb par la Commission Europ\u00e9enne sans en informer pr\u00e9alablement l\u2019utilisateur. SCRAMBLE GOLF TOUR reste libre du choix de ses sous-traitants techniques et commerciaux \u00e0 la condition qu\u2019ils pr\u00e9sentent les garanties suffisantes au regard des exigences du r\u00e8glement (EU-RGPD) 2016\/679 du 27 avril 2016.<\/p>\n\n\n\n<p>SCRAMBLE GOLF TOUR s\u2019engage \u00e0 prendre toutes les pr\u00e9cautions n\u00e9cessaires afin de pr\u00e9server la s\u00e9curit\u00e9 des informations et notamment qu\u2019elles ne soient pas communiqu\u00e9es \u00e0 des personnes non autoris\u00e9es. Cependant, si un incident impactant l\u2019int\u00e9grit\u00e9 ou la confidentialit\u00e9 des donn\u00e9es de l\u2019utilisateur est port\u00e9 \u00e0 la connaissance de SCRAMBLE GOLF TOUR, celle-ci devra dans les meilleurs d\u00e9lais informer les utilisateurs et lui communiquer les mesures de corrections prises.<\/p>\n\n\n\n<p>Les donn\u00e9es personnelles de l\u2019utilisateur peuvent \u00eatre trait\u00e9es par des sous-traitants (prestataires de services), exclusivement afin de r\u00e9aliser les finalit\u00e9s de la pr\u00e9sente politique.<\/p>\n\n\n\n<p>Les donn\u00e9es personnelles sont stock\u00e9es et s\u00e9curis\u00e9es sur les serveurs de OVH qui se situent g\u00e9ographiquement en FRANCE.<\/p>\n\n\n\n<h3 class=\"wp-block-heading\">Utilisation de Cookies<\/h3>\n\n\n\n<p>L\u2019utilisateur est inform\u00e9 que le site SCRAMBLE GOLF TOUR (www.scramblegolftour.org) peut d\u00e9poser des cookies dans son ordinateur. Ces fichiers ne contiennent pas de donn\u00e9es nominatives et sont utilis\u00e9s \u00e0 des fins statistiques uniquement.<\/p>\n\n\n\n<p>Nous vous informons de la pr\u00e9sence d\u2019un cookie non d\u00e9truit \u00e0 la fin de votre consultation. Ce cookie nous permet d\u2019affiner l\u2019analyse de la fr\u00e9quentation de notre site. Tous les r\u00e9sultats obtenus sont compil\u00e9s et totalement anonymes. Dans tous les cas, vous avez le contr\u00f4le de ces cookies. Vous avez la possibilit\u00e9 de les lire, de les filtrer, de les refuser et de les d\u00e9truire dans la configuration de votre navigateur Interne comme suit :<\/p>\n\n\n\n<p>\u2013 Sous EDGE : Menu \u00ab Param\u00e8tres > Cookies et autorisations de site \u00bb. Cliquez sur \u00ab G\u00e9rer et supprimer les cookies et les donn\u00e9es du site \u00bb et choisissez \u00ab Bloquer les cookies tiers \u00bb.<br>\u2013 Sous Firefox : Menu \u00ab Param\u00e8tres > Vie priv\u00e9e et s\u00e9curit\u00e9. Puis d\u00e9sactivez les cookies dans la rubrique \u00ab Cookies \u00bb.<br>\u2013 Sous Chrome : Menu \u00ab Param\u00e8tres \u00bb. Cliquez sur \u00ab Confidentialit\u00e9 et s\u00e9curit\u00e9 \u00bb et choisissez \u00ab Cookies tiers \u00bb. Il faut ici cocher la case \u00ab\u00a0Bloquer les cookies tiers\u00a0\u00bb.<\/p>\n\n\n\n<p><\/p>\n","protected":false},"excerpt":{"rendered":"<p>Mentions l\u00e9gales Le site www.scramblegolftour.org est \u00e9dit\u00e9 par : LA LIGUE DE GOLF GRAND EST[d\u00e9nomm\u00e9 La Ligue]13 rue Jean Moulin 54510 TomblaineDir. de publication : Philippe PINCELOUP Pr\u00e9sidentResp. \u00e9ditorial : Philippe PINCELOUP &#8211; H\u00e9l\u00e8ne JAGER &#8211; Didier BRENNEMANNH\u00e9bergement : OVH | 2 rue Kellermann | Roubaix | France Informations CNIL Les informations nominatives recueillies \u00e0 [&hellip;]<\/p>\n","protected":false},"author":3,"featured_media":0,"parent":0,"menu_order":0,"comment_status":"closed","ping_status":"closed","template":"page-templates\/page-full-width.php","meta":{"footnotes":""},"class_list":["post-8241","page","type-page","status-publish","hentry"],"_links":{"self":[{"href":"https:\/\/scramblegolftour.org\/index.php\/wp-json\/wp\/v2\/pages\/8241","targetHints":{"allow":["GET"]}}],"collection":[{"href":"https:\/\/scramblegolftour.org\/index.php\/wp-json\/wp\/v2\/pages"}],"about":[{"href":"https:\/\/scramblegolftour.org\/index.php\/wp-json\/wp\/v2\/types\/page"}],"author":[{"embeddable":true,"href":"https:\/\/scramblegolftour.org\/index.php\/wp-json\/wp\/v2\/users\/3"}],"replies":[{"embeddable":true,"href":"https:\/\/scramblegolftour.org\/index.php\/wp-json\/wp\/v2\/comments?post=8241"}],"version-history":[{"count":1,"href":"https:\/\/scramblegolftour.org\/index.php\/wp-json\/wp\/v2\/pages\/8241\/revisions"}],"predecessor-version":[{"id":8879,"href":"https:\/\/scramblegolftour.org\/index.php\/wp-json\/wp\/v2\/pages\/8241\/revisions\/8879"}],"wp:attachment":[{"href":"https:\/\/scramblegolftour.org\/index.php\/wp-json\/wp\/v2\/media?parent=8241"}],"curies":[{"name":"wp","href":"https:\/\/api.w.org\/{rel}","templated":true}]}}