{"id":2,"date":"2020-02-17T10:49:14","date_gmt":"2020-02-17T09:49:14","guid":{"rendered":"http:\/\/scramblegolftour.org\/?page_id=2"},"modified":"2026-02-13T12:56:39","modified_gmt":"2026-02-13T11:56:39","slug":"contact","status":"publish","type":"page","link":"https:\/\/scramblegolftour.org\/index.php\/contact\/","title":{"rendered":"CONTACT"},"content":{"rendered":"\n<div class=\"wp-block-columns is-layout-flex wp-container-core-columns-is-layout-9d6595d7 wp-block-columns-is-layout-flex\">\n<div class=\"wp-block-column is-layout-flow wp-block-column-is-layout-flow\" style=\"flex-basis:33.33%\"><div class=\"wp-block-image is-resized\">\n<figure class=\"aligncenter size-large\"><img loading=\"lazy\" decoding=\"async\" width=\"1024\" height=\"1024\" src=\"http:\/\/scramblegolftour.org\/wp-content\/uploads\/2020\/02\/LIGUE-GRAND-EST-LOGO-FOND-TRANS-1024x1024.png\" alt=\"\" class=\"wp-image-556\" srcset=\"https:\/\/scramblegolftour.org\/wp-content\/uploads\/2020\/02\/LIGUE-GRAND-EST-LOGO-FOND-TRANS-1024x1024.png 1024w, https:\/\/scramblegolftour.org\/wp-content\/uploads\/2020\/02\/LIGUE-GRAND-EST-LOGO-FOND-TRANS-300x300.png 300w, https:\/\/scramblegolftour.org\/wp-content\/uploads\/2020\/02\/LIGUE-GRAND-EST-LOGO-FOND-TRANS-150x150.png 150w, https:\/\/scramblegolftour.org\/wp-content\/uploads\/2020\/02\/LIGUE-GRAND-EST-LOGO-FOND-TRANS-768x768.png 768w, https:\/\/scramblegolftour.org\/wp-content\/uploads\/2020\/02\/LIGUE-GRAND-EST-LOGO-FOND-TRANS-1536x1536.png 1536w, https:\/\/scramblegolftour.org\/wp-content\/uploads\/2020\/02\/LIGUE-GRAND-EST-LOGO-FOND-TRANS-2048x2048.png 2048w, https:\/\/scramblegolftour.org\/wp-content\/uploads\/2020\/02\/LIGUE-GRAND-EST-LOGO-FOND-TRANS-550x550.png 550w\" sizes=\"auto, (max-width: 1024px) 100vw, 1024px\" \/><\/figure><\/div>\n\n<div class=\"wp-block-image\">\n<figure class=\"aligncenter size-full\"><img loading=\"lazy\" decoding=\"async\" width=\"505\" height=\"481\" src=\"https:\/\/scramblegolftour.org\/wp-content\/uploads\/2023\/10\/logo-ST-GE-2024-bleu-T.png\" alt=\"\" class=\"wp-image-6689\" srcset=\"https:\/\/scramblegolftour.org\/wp-content\/uploads\/2023\/10\/logo-ST-GE-2024-bleu-T.png 505w, https:\/\/scramblegolftour.org\/wp-content\/uploads\/2023\/10\/logo-ST-GE-2024-bleu-T-300x286.png 300w\" sizes=\"auto, (max-width: 505px) 100vw, 505px\" \/><\/figure><\/div><\/div>\n\n\n\n<div class=\"wp-block-column is-layout-flow wp-block-column-is-layout-flow\" style=\"flex-basis:66.66%\">\n<h2 class=\"wp-block-heading\">Ligue de Golf Grand Est<\/h2>\n\n\n\n<h4 class=\"wp-block-heading\">13 rue Jean Moulin<\/h4>\n\n\n\n<h4 class=\"wp-block-heading\">54 510 Tomblaine<\/h4>\n\n\n\n<p>T\u00e9l :  &nbsp;03 83 18 95 34<\/p>\n\n\n\n<p><a href=\"https:\/\/www.facebook.com\/golfgrandest\">@golfgrandest<\/a><\/p>\n\n\n\n<p><a aria-label=\"www.ligue-golfgrandest.org (s\u2019ouvre dans un nouvel onglet)\" href=\"http:\/\/ligue-golfgrandest.org\/\" target=\"_blank\" rel=\"noreferrer noopener\">www.ligue-golfgrandest.org<\/a><\/p>\n\n\n\n<p><a href=\"http:\/\/scramblegolftour.org\/\">www.scramblegolftour.org<\/a><\/p>\n\n\n\n<p><\/p>\n\n\n\n<p>Pour contacter les organisateurs par messagerie, merci d&rsquo;utiliser le formulaire qui se situe en bas de page de la page d&rsquo;accueil. Une r\u00e9ponse vous sera donn\u00e9e dans les meilleurs d\u00e9lais.<\/p>\n\n\n\n<p><a href=\"https:\/\/scramblegolftour.org\/index.php\/mentions-legales\/\">Mentions l\u00e9gales et politique de confidentialit\u00e9.<\/a><\/p>\n\n\n\n<p><a href=\"https:\/\/scramblegolftour.org\/index.php\/droit-image\/\">Droit \u00e0 l&rsquo;image et cr\u00e9dit photo.<\/a><\/p>\n\n\n\n<p>Organisation de l&rsquo;\u00e9v\u00e9nement support\u00e9e par une association \u00e0 but non lucratif.<\/p>\n\n\n\n<p>Ev\u00e9nement sportif organis\u00e9 par la Ligue de Golf Grand Est et les Clubs de la r\u00e9gion.<\/p>\n<\/div>\n<\/div>\n\n\n\n<p><\/p>\n","protected":false},"excerpt":{"rendered":"<p>Ligue de Golf Grand Est 13 rue Jean Moulin 54 510 Tomblaine T\u00e9l : &nbsp;03 83 18 95 34 @golfgrandest www.ligue-golfgrandest.org www.scramblegolftour.org Pour contacter les organisateurs par messagerie, merci d&rsquo;utiliser le formulaire qui se situe en bas de page de la page d&rsquo;accueil. Une r\u00e9ponse vous sera donn\u00e9e dans les meilleurs d\u00e9lais. Mentions l\u00e9gales et [&hellip;]<\/p>\n","protected":false},"author":3,"featured_media":0,"parent":0,"menu_order":0,"comment_status":"closed","ping_status":"open","template":"page-templates\/page-full-width.php","meta":{"footnotes":""},"class_list":["post-2","page","type-page","status-publish","hentry"],"_links":{"self":[{"href":"https:\/\/scramblegolftour.org\/index.php\/wp-json\/wp\/v2\/pages\/2","targetHints":{"allow":["GET"]}}],"collection":[{"href":"https:\/\/scramblegolftour.org\/index.php\/wp-json\/wp\/v2\/pages"}],"about":[{"href":"https:\/\/scramblegolftour.org\/index.php\/wp-json\/wp\/v2\/types\/page"}],"author":[{"embeddable":true,"href":"https:\/\/scramblegolftour.org\/index.php\/wp-json\/wp\/v2\/users\/3"}],"replies":[{"embeddable":true,"href":"https:\/\/scramblegolftour.org\/index.php\/wp-json\/wp\/v2\/comments?post=2"}],"version-history":[{"count":1,"href":"https:\/\/scramblegolftour.org\/index.php\/wp-json\/wp\/v2\/pages\/2\/revisions"}],"predecessor-version":[{"id":9302,"href":"https:\/\/scramblegolftour.org\/index.php\/wp-json\/wp\/v2\/pages\/2\/revisions\/9302"}],"wp:attachment":[{"href":"https:\/\/scramblegolftour.org\/index.php\/wp-json\/wp\/v2\/media?parent=2"}],"curies":[{"name":"wp","href":"https:\/\/api.w.org\/{rel}","templated":true}]}}