{"id":14,"date":"2020-02-17T11:13:50","date_gmt":"2020-02-17T10:13:50","guid":{"rendered":"http:\/\/scramblegolftour.org\/?page_id=14"},"modified":"2026-02-13T13:42:12","modified_gmt":"2026-02-13T12:42:12","slug":"reglement","status":"publish","type":"page","link":"https:\/\/scramblegolftour.org\/index.php\/reglement\/","title":{"rendered":"REGLEMENT 26"},"content":{"rendered":"\n<h2 class=\"wp-block-heading has-black-color has-vivid-cyan-blue-background-color has-text-color has-background has-link-color wp-elements-293b67264d9d6ef381c4373a1de0fa67\">INFORMATIONS et REGLEMENT Edition 2026 <\/h2>\n\n\n\n<h1 class=\"wp-block-heading has-text-color\" style=\"color:#20adc9\">Scramble Tour R\u00e9gion Grand Est | 7\u00e8me \u00e9dition 2026<\/h1>\n\n\n\n<div class=\"wp-block-columns is-layout-flex wp-container-core-columns-is-layout-9d6595d7 wp-block-columns-is-layout-flex\">\n<div class=\"wp-block-column is-layout-flow wp-block-column-is-layout-flow\">\n<div class=\"wp-block-columns is-layout-flex wp-container-core-columns-is-layout-9d6595d7 wp-block-columns-is-layout-flex\">\n<div class=\"wp-block-column is-layout-flow wp-block-column-is-layout-flow\">\n<h2 class=\"wp-block-heading has-black-color has-text-color has-link-color wp-elements-659297a57f211c0fa188ff444221fde6\"><strong>LORRAINE |<\/strong><\/h2>\n\n\n\n<p class=\"has-text-color has-link-color wp-elements-4ee152efa3892dc0b8182855457b1431\" style=\"color:#20adc9\"><strong>16-17-18 juillet 202<\/strong>6<\/p>\n\n\n\n<p>Golf de Sarreguemines<\/p>\n\n\n\n<p>Golf de Ch\u00e9risey<\/p>\n\n\n\n<p>Golf de Faulquemont<\/p>\n<\/div>\n\n\n\n<div class=\"wp-block-column is-layout-flow wp-block-column-is-layout-flow\">\n<h2 class=\"wp-block-heading has-black-color has-text-color has-link-color wp-elements-614ff69be4a622c39c08a8419eac5dff\"><strong>CHAMPAGNE |<\/strong><\/h2>\n\n\n\n<p class=\"has-text-color has-link-color wp-elements-b7c7eb53898b07338a05e8324753a3b4\" style=\"color:#20adc9\"><strong>23-24-25 juillet 2026&nbsp;<\/strong><\/p>\n\n\n\n<p>Golf de Reims<\/p>\n\n\n\n<p>Golf de Ch\u00e2lons-en-Champagne<\/p>\n\n\n\n<p>Golf de Combles-en-Barrois<\/p>\n<\/div>\n<\/div>\n<\/div>\n\n\n\n<div class=\"wp-block-column is-layout-flow wp-block-column-is-layout-flow\">\n<div class=\"wp-block-columns is-layout-flex wp-container-core-columns-is-layout-9d6595d7 wp-block-columns-is-layout-flex\">\n<div class=\"wp-block-column is-layout-flow wp-block-column-is-layout-flow\">\n<h2 class=\"wp-block-heading has-black-color has-text-color has-link-color wp-elements-d794d79a146290d789793da596750555\"><strong>ALSACE67 | <\/strong><\/h2>\n\n\n\n<p class=\"has-text-color has-link-color wp-elements-a075d66e44038e67cf3ff2538742f5f5\" style=\"color:#20adc9\"><strong>6-7-8 ao\u00fbt 2026<\/strong><\/p>\n\n\n\n<p>Golf de Soufflenheim<\/p>\n\n\n\n<p>Golf de Bitche<\/p>\n\n\n\n<p>Golf de La Wantzenau<\/p>\n<\/div>\n\n\n\n<div class=\"wp-block-column is-layout-flow wp-block-column-is-layout-flow\">\n<h2 class=\"wp-block-heading has-black-color has-text-color has-link-color wp-elements-5ead474b0d23d63c7b7cae4a207a1738\"><strong>ALSACE68 |<\/strong><\/h2>\n\n\n\n<p class=\"has-text-color has-link-color wp-elements-6cc8eb58ebcf8eb3292e83a7d6c446f5\" style=\"color:#20adc9\"><strong>12-13-14 ao\u00fbt 2026<\/strong><\/p>\n\n\n\n<p>Golf Alsace Golf Links<\/p>\n\n\n\n<p>Golf du Rhin<\/p>\n\n\n\n<p>Golf de Lalargue<\/p>\n<\/div>\n<\/div>\n<\/div>\n<\/div>\n\n\n\n<h2 class=\"wp-block-heading has-black-color has-text-color\">ART1&nbsp;: CONDITIONS DE PARTICIPATION<\/h2>\n\n\n\n<p>Epreuve ouverte \u00e0 tous les joueurs licenci\u00e9s \u00e0 <strong>FFG<\/strong> ou \u00e0 une f\u00e9d\u00e9ration \u00e9trang\u00e8re reconnue et r\u00e9pondant aux exigences du statut amateur.<\/p>\n\n\n\n<p>Chaque joueur d\u2019une \u00e9quipe doit \u00eatre \u00e0 jour de sa licence annuelle ainsi que de son certificat m\u00e9dical de non-contre-indication \u00e0 la pratique du golf en comp\u00e9tition aupr\u00e8s de sa F\u00e9d\u00e9ration \u00e0 la date limite des inscriptions. Les golfeurs de moins de 16 ans doivent partager une \u00e9quipe avec un adulte.<\/p>\n\n\n\n<h2 class=\"wp-block-heading has-black-color has-text-color\">ART2&nbsp;: LES 4 ETAPES DE LA REGION GRAND EST<\/h2>\n\n\n\n<p>L\u2019\u00e9quipe s\u2019inscrit pour participer \u00e0 l\u2019\u00e9tape de son choix. L\u2019inscription est valable pour une seule \u00e9tape. Le joueur peut inscrire une \u00e9quipe de son choix \u00e0 chacun des 3 spots de jeu, il devra alors remplir un bulletin d\u2019inscription pour chaque spot.<\/p>\n\n\n\n<h2 class=\"wp-block-heading has-text-color has-link-color wp-elements-22ad32e23792bffebb2e5ba0f50ce065\" style=\"color:#20adc9\"><strong>LORRAINE   16-17-18 juillet 2026 &gt;&gt; 60 EQUIPES<\/strong><\/h2>\n\n\n\n<p>Tour 1&nbsp;: Golf de Sarreguemines<\/p>\n\n\n\n<p>Tour 2&nbsp;: Golf de Ch\u00e9risey<\/p>\n\n\n\n<p>Tour&nbsp;3&nbsp;: Golf de Faulquemont<\/p>\n\n\n\n<p class=\"has-black-color has-text-color has-link-color wp-elements-04e043203d9ad630c368aca7855821a0\"><strong>Remise de prix et garden-party : Samedi 18 juillet 2026.<\/strong><\/p>\n\n\n\n<h2 class=\"wp-block-heading has-text-color has-link-color wp-elements-87c8958b6b47ebc27057d6ed6ce6dcc7\" style=\"color:#20adc9\"><strong>CHAMPAGNE   23-24-25 juillet 2026 &gt;&gt; 60 EQUIPES<\/strong><\/h2>\n\n\n\n<p>Tour 1&nbsp;: Golf de Reims<\/p>\n\n\n\n<p>Tour 2\u00a0: Golf de Ch\u00e2lons-en-Champagne<\/p>\n\n\n\n<p>Tour&nbsp;3&nbsp;: Golf de Combles-en-Barrois<\/p>\n\n\n\n<p class=\"has-black-color has-text-color has-link-color wp-elements-0f99610b5685efa3bb34c7a877688a73\"><strong>Remise de prix et garden-party : Samedi 25 juillet 2026.<\/strong><\/p>\n\n\n\n<h2 class=\"wp-block-heading has-text-color has-link-color wp-elements-582dc91bc3711ad45811f8cd1e115055\" style=\"color:#20adc9\"><a><strong>ALSACE|67   6-7-8 ao\u00fbt 2026 &gt;&gt; 60 EQUIPES<\/strong><\/a><\/h2>\n\n\n\n<p>Tour 1&nbsp;: Golf de Soufflenheim<\/p>\n\n\n\n<p>Tour 2&nbsp;: Golf de Bitche<\/p>\n\n\n\n<p>Tour&nbsp;3&nbsp;: Golf de La Wantzenau<\/p>\n\n\n\n<p class=\"has-black-color has-text-color has-link-color wp-elements-faa37dc01615f9f01f7f0c1bf75eadf1\"><strong>Remise de prix et garden-party : Samedi 8 ao\u00fbt 2026.<\/strong><\/p>\n\n\n\n<h2 class=\"wp-block-heading has-text-color has-link-color wp-elements-6be5c9d95bcfe2d5dade885818ba9240\" style=\"color:#20adc9\"><strong>ALSACE|68  12-13-14 ao\u00fbt 2026 &gt;&gt; 60 EQUIPES<\/strong><\/h2>\n\n\n\n<p>Tour 1: Golf Alsace Golf Links<\/p>\n\n\n\n<p>Tour 2: Golf du Rhin<\/p>\n\n\n\n<p>Tour&nbsp;3&nbsp;: Golf de Lalargue<\/p>\n\n\n\n<p class=\"has-black-color has-text-color has-link-color wp-elements-850fc5e550d1d074c4267e5a9058e91c\"><strong>Remise de prix et garden-party : Vendredi 14 ao\u00fbt 2026.<\/strong><\/p>\n\n\n\n<h2 class=\"wp-block-heading has-black-color has-text-color\">ART3&nbsp;: FORMULE DE JEU<\/h2>\n\n\n\n<p>Pour chacune des \u00e9tapes de comp\u00e9tition, l\u2019\u00e9quipe joue 54 Trous, soit 3 tours de 18 trous sur 3 parcours diff\u00e9rents en formule Scramble \u00e0 deux et note ses scores sans d\u00e9passer le maximum de 3 au-dessus du Par. Les cartes sont ensuite enregistr\u00e9es via RMS9 pour un r\u00e9sultat en stableford Net et Brut : 18 Trous par jour.<\/p>\n\n\n\n<p>Chaque \u00e9quipe doit noter sur sa carte de scores le nombre de coups r\u00e9alis\u00e9s pour chaque trou et calculer le total de coups jou\u00e9s.<\/p>\n\n\n\n<p>L\u2019Equipe cumule les r\u00e9sultats en Net de chaque Tour du Spot concern\u00e9.<\/p>\n\n\n\n<p>Il est attendu que les joueurs respectent les r\u00e8gles de golf.<\/p>\n\n\n\n<p><strong>Sur les tees de d\u00e9parts&nbsp;<\/strong>: les Messieurs jouent toujours en premier des rep\u00e8res jaunes. Les Dames et les gar\u00e7ons U14 et moins jouent toujours en second des rep\u00e8res rouges. Sur les tees, les joueurs appliquent la r\u00e8gle du \u00ab&nbsp;pr\u00eat \u2013 jouez&nbsp;\u00bb.&nbsp; Pour les coups suivants, les joueurs choisissent l\u2019ordre de jeu.<\/p>\n\n\n\n<p><strong>Sur le parcours&nbsp;<\/strong>: Le placement de la balle est autoris\u00e9 \u00e0 une longueur de carte dans sa plus grande dimension. La balle peut toujours \u00eatre nettoy\u00e9e.<\/p>\n\n\n\n<p><strong>Sur le green<\/strong>&nbsp;: le partenaire ne peut se placer dans une position vers laquelle le joueur va jouer pour visualiser la ligne de putt (R\u00e8gle 10.2b).<\/p>\n\n\n\n<p><strong>Cadence de jeu<\/strong>&nbsp;: Afin de respecter le temps de jeu, chaque flight doit rester en contact avec le flight qui le pr\u00e9c\u00e8de. Les retards occasionn\u00e9s par des recherches de balles, 3 minutes maxi, ne sont pas motifs d\u2019excuses pour le retard du temps de jeu. Sur le parcours, un arbitre ou autre personne du comit\u00e9 peut surveiller la cadence de jeu et si c\u2019est n\u00e9cessaire s\u2019adressera aux groupes en retard.<\/p>\n\n\n\n<p><strong>Interruption de jeu<\/strong>&nbsp;: si les conditions m\u00e9t\u00e9orologiques le justifient, le jeu pourra \u00eatre stopp\u00e9 imm\u00e9diatement (1 coup de sir\u00e8ne prolong\u00e9e) ou arr\u00eat de jeu (par 3 coups de sir\u00e8ne).<\/p>\n\n\n\n<p>La reprise du jeu est g\u00e9r\u00e9e par l\u2019arbitre et le comit\u00e9 d\u2019\u00e9preuve.<\/p>\n\n\n\n<p><strong>D\u00e9tresse d\u2019un joueur sur le parcours<\/strong>&nbsp;: en cas de probl\u00e8me de sant\u00e9, d\u2019accident ou de blessure, le joueur ou tout autre personne doit pr\u00e9venir le plus rapidement possible le comit\u00e9 et si possible lui porter assistance.<\/p>\n\n\n\n<p><strong>Les golfettes<\/strong>&nbsp;: sont autoris\u00e9es au-del\u00e0 de celles prioritairement r\u00e9serv\u00e9es pour les joueurs pr\u00e9sentant un certificat m\u00e9dical de leur m\u00e9decin traitant, les joueurs b\u00e9n\u00e9ficiant d\u2019un Pass M\u00e9dical de la <strong>FFG <\/strong>sont prioritaires sur les autres joueurs.&nbsp;Les deux joueurs de l\u2019\u00e9quipe peuvent partager la m\u00eame golfette (quel que soit le statut du second joueur). Les joueurs se chargent de sa r\u00e9servation et du paiement aupr\u00e8s du Club organisateur. La r\u00e9servation des golfettes se fait dans la limite des possibilit\u00e9s offertes par chaque club.<\/p>\n\n\n\n<h2 class=\"wp-block-heading has-black-color has-text-color\">ART4&nbsp;: INDEX<\/h2>\n\n\n\n<p><strong>L\u2019index maximum du joueur&nbsp;<\/strong>: L\u2019index au jour de l\u2019inscription doit \u00eatre <strong>inf\u00e9rieur ou \u00e9gal \u00e0 28,0<\/strong><\/p>\n\n\n\n<p>Pour les joueurs ayant 2 index (un \u00e0 la <strong>FFG<\/strong> et un dans une autre f\u00e9d\u00e9ration), c\u2019est l\u2019index <strong>FFG<\/strong> qui sera retenu. Les index des joueurs seront v\u00e9rifi\u00e9s par rapport \u00e0 extranet avant validation de l\u2019inscription.<\/p>\n\n\n\n<p><strong>Index de l\u2019\u00e9quipe<\/strong>&nbsp;: l\u2019index de l\u2019\u00e9quipe \u00e0 l\u2019inscription est la somme des index des deux joueurs, il doit \u00eatre <strong>sup\u00e9rieur ou \u00e9gal \u00e0 12,0.<\/strong><\/p>\n\n\n\n<h2 class=\"wp-block-heading has-black-color has-text-color\">ART5&nbsp;: CHAMP DE JOUEURS<\/h2>\n\n\n\n<p><strong>Les num\u00e9rus clausus<\/strong>&nbsp;: est de <strong>90 joueurs minimums<\/strong> par jour de comp\u00e9tition. En cas de participation inferieure <strong>15 jours<\/strong> avant la date de l\u2019\u00e9preuve, celle-ci pourra \u00eatre annul\u00e9e et les inscrits feront dans ce cas l\u2019objet d\u2019un remboursement int\u00e9gral.<\/p>\n\n\n\n<p><strong>La liste d\u2019attente<\/strong>&nbsp;: Au-del\u00e0 de la jauge jug\u00e9e maximum par l\u2019organisations, une liste d\u2019attente par ordre d\u2019inscription sera \u00e9tablie. En cas de besoin, les joueurs seront contact\u00e9s suivant l\u2019ordre de la liste pour leurs proposer une participation.<\/p>\n\n\n\n<p><strong>Les scratches&nbsp;<\/strong>: chaque annulation de joueurs devra \u00eatre motiv\u00e9e (cas de force majeure ou motifs imp\u00e9rieux) pour le remboursement du droit d\u2019engagement.<\/p>\n\n\n\n<p>Les modalit\u00e9s des remboursements sont les suivantes&nbsp;:<\/p>\n\n\n\n<ul class=\"wp-block-list\">\n<li>Jusqu\u2019\u00e0 1 mois avant la date de l\u2019\u00e9preuve\u00a0: remboursement \u00e0 100%<\/li>\n\n\n\n<li>Jusqu\u2019\u00e0 15 jours avant la date de l\u2019\u00e9preuve\u00a0: remboursement \u00e0 60%<\/li>\n\n\n\n<li>Jusqu\u2019\u00e0 la publication des d\u00e9parts\u00a0: remboursement \u00e0 50%<\/li>\n\n\n\n<li>Apres publication des d\u00e9parts\u00a0: Aucun remboursement<\/li>\n<\/ul>\n\n\n\n<p>Les autres motifs ne donnent pas lieu \u00e0 remboursement.<\/p>\n\n\n\n<h2 class=\"wp-block-heading has-black-color has-text-color\">ART6&nbsp;: INSCRIPTION<\/h2>\n\n\n\n<p>Toutes les inscriptions se font par internet, sur le site&nbsp;:&nbsp;<a href=\"http:\/\/www.scramblegolftour.org\/\">www.scramblegolftour.org<\/a><strong><u>.<\/u><\/strong><\/p>\n\n\n\n<p>Les joueurs s\u2019inscrivent obligatoirement en \u00e9quipe de deux joueurs.<\/p>\n\n\n\n<p>Le formulaire d\u2019inscription comporte les informations obligatoires suivantes&nbsp;: nom, pr\u00e9nom, num\u00e9ro de licence, index, club, pays de r\u00e9sidence, courriel, tel mobile et tarif correspondant \u00e0 la situation du joueur par rapport au Spot choisi (\u00a7 Droits d\u2019Engagement).<\/p>\n\n\n\n<p>En cas de double licence, c\u2019est le num\u00e9ro de la licence FF golf qui est requis.<\/p>\n\n\n\n<p>Le formulaire est transmis directement aux organisateurs en cliquant sur le bouton \u00ab&nbsp;envoyez votre inscription&nbsp;\u00bb. En cas de non-confirmation, envoyer copie du bulletin \u00e0 &nbsp;contact@sramblegolftour.org.<\/p>\n\n\n\n<p>Les \u00e9quipes ne r\u00e9pondant pas aux crit\u00e8res sont inform\u00e9es de la non-validit\u00e9 de leur inscription, elles peuvent \u00eatre plac\u00e9es en liste d\u2019attente si elles le souhaitent.<\/p>\n\n\n\n<p>L\u2019inscription d\u00e9finitive n\u2019est valid\u00e9e que lors de la r\u00e9ception du droit d\u2019engagement de l\u2019\u00e9quipe dans les 8 jours suivant la r\u00e9ception du bulletin par l\u2019Organisation. Seule la date de cette validation de l\u2019inscription sera prise en compte dans l\u2019\u00e9tablissement de la liste officielle des participants. Comme stipul\u00e9 dans la loi r\u00e9gissant les achats en ligne, un remboursement int\u00e9gral sera effectu\u00e9 en cas de r\u00e9tractation dans les 14 jours de cette m\u00eame date.<\/p>\n\n\n\n<p><strong>L\u2019ouverture des inscriptions en ligne a lieu le 10 avril 2026.<\/strong><\/p>\n\n\n\n<p>Les inscriptions sont closes 15 jours avant le premier Tour de chaque \u00e9tape de la comp\u00e9tition ou avant dans la limite des places disponibles. Le comit\u00e9 peut d\u00e9cider de reporter la cl\u00f4ture des inscriptions dans la mesure o\u00f9 le champ de joueurs n\u2019est pas atteint.<\/p>\n\n\n\n<p>Apr\u00e8s l\u2019ouverture des inscriptions,&nbsp;<strong>une liste provisoire des joueurs, par \u00e9tapes, est publi\u00e9e r\u00e9guli\u00e8rement<\/strong>, class\u00e9es par ordre d\u2019inscription de l\u2019\u00e9quipe. Elle reste provisoire jusqu\u2019\u00e0 la publication de la liste d\u00e9finitive.<\/p>\n\n\n\n<p><strong>En s\u2019inscrivant \u00e0 la comp\u00e9tition les joueurs acceptent le r\u00e8glement de la comp\u00e9tition et le droit \u00e0 l\u2019image en mati\u00e8re de reportage d\u2019un \u00e9v\u00e9nement sportif.<\/strong><\/p>\n\n\n\n<h2 class=\"wp-block-heading has-black-color has-text-color\">ART7&nbsp;: DROIT D\u2019ENGAGEMENT&nbsp;2026&nbsp;&nbsp;&nbsp;&nbsp;&nbsp;&nbsp;&nbsp;&nbsp;&nbsp;<\/h2>\n\n\n\n<p>Les droits d\u2019engagement s\u2019entendent <strong>par joueur pour un Spot de comp\u00e9tition<\/strong> :<\/p>\n\n\n\n<ul class=\"wp-block-list\">\n<li><strong>T1 = 180 \u20ac\u00a0: Licenci\u00e9 FFG Membre d\u2019un de clubs du spot\u00a0<\/strong><\/li>\n\n\n\n<li><strong>T2 = 195 \u20ac\u00a0: Licenci\u00e9 FFG\u00a0<\/strong><\/li>\n\n\n\n<li><strong>T3 = 225 \u20ac\u00a0: Licenci\u00e9 hors France<\/strong><\/li>\n<\/ul>\n\n\n\n<p>Les droits d\u2019engagement sont \u00e0 r\u00e9gler par virement sous huitaine \u00e0 r\u00e9ception de la confirmation de l\u2019inscription. L\u2019intitul\u00e9, l\u2019IBAN et le BIC du compte vous y sont indiqu\u00e9s.<\/p>\n\n\n\n<p>Ils couvrent, les green-fees, les droits de jeu, les collations \u00e0 mi-parcours, la garden-party du dernier Tour, la remise de prix et les frais de gestion (Organisation, Staff, Arbitre, D.J. etc.).<\/p>\n\n\n\n<p>Ils n\u2019ouvrent pas droit \u00e0 remboursement partiel en cas de non-participation \u00e0 l\u2019une ou plusieurs des prestations pr\u00e9vues ci-avant.<\/p>\n\n\n\n<p>Les droits d\u2019engagement ne couvrent pas les extras personnels des joueurs : les balles de practice, les consommations au bar, la location de chariots, de buggies \u2026els des joueurs : les balles de practice, les consommations au bar, la location de chariots, de buggies \u2026<\/p>\n\n\n\n<h2 class=\"wp-block-heading has-black-color has-text-color\">ART8&nbsp;: HEURES DE DEPARTS<\/h2>\n\n\n\n<p>Les heures de d\u00e9part sont publi\u00e9es sur le site :<a href=\"http:\/\/www.scramblegolftour.org\">www.scramblegolftour.org<\/a> au plus tard<strong> 3 jours avant la date de d\u00e9but de la comp\u00e9tition.<\/strong><\/p>\n\n\n\n<p>L\u2019information est aussi disponible sur le site internet de chaque Club. L\u2019information est envoy\u00e9e par courriel \u00e0 l\u2019ensemble des participants d\u2019un spot de jeu \u00e0 J-3 maximum.<\/p>\n\n\n\n<p>Les joueurs partent en g\u00e9n\u00e9ral des tees de d\u00e9part du 1 et du 10.<\/p>\n\n\n\n<p>Les premiers d\u00e9parts ont lieu \u00e0 <strong>partir de 8h00<\/strong> et les derniers d\u00e9parts selon les inscriptions<strong>.<\/strong><\/p>\n\n\n\n<p>Les horaires de d\u00e9parts mis en ligne peuvent avoir \u00e9t\u00e9 modifi\u00e9s pour des question d\u2019organisation et\/ou de m\u00e9t\u00e9o<strong>. Il est conseill\u00e9 de consulter les horaires de d\u00e9part la veille de chaque comp\u00e9tition apr\u00e8s 17h00.<\/strong><\/p>\n\n\n\n<h2 class=\"wp-block-heading has-black-color has-text-color\">ART9  : SERIES<\/h2>\n\n\n\n<p>Apr\u00e8s la validation de la liste des participants, les \u00e9quipes sont class\u00e9es en s\u00e9rie et concourent dans leur s\u00e9rie pour le classement Net 3 Tours.<\/p>\n\n\n\n<ul class=\"wp-block-list\">\n<li>2 s\u00e9ries au prorata du nombre d\u2019\u00e9quipes participantes class\u00e9es par handicap de jeu croissant.<\/li>\n<\/ul>\n\n\n\n<p>Le classement par s\u00e9rie est r\u00e9alis\u00e9 \u00e0 partir de l\u2019index de l\u2019\u00e9quipe mis \u00e0 jour pour les joueurs <strong>FFG<\/strong> au 1 juillet pour les spots Lorraine et Champagne Ardennes et au 1 aout pour les spots Alsace. Pour les joueurs ayant une licence autre que <strong>FFG,<\/strong> l\u2019index retenu est celui indiqu\u00e9 \u00e0 l\u2019inscription et ne pourra \u00eatre modifi\u00e9.<\/p>\n\n\n\n<p>Le calcul du Handicap de jeu de l\u2019\u00e9quipe pour la comp\u00e9tition est \u00e9gal \u00e0 35% de l\u2019index du joueur 1 (index le plus faible) + 15% de l\u2019index du joueur 2 (index le plus \u00e9lev\u00e9) le jour de la comp\u00e9tition, corrig\u00e9 du slope du parcours. Le handicap de l\u2019\u00e9quipe peut donc \u00eatre diff\u00e9rents pour chaque parcours.<\/p>\n\n\n\n<p>Les index des joueurs au moment de la comp\u00e9tition peuvent avoir \u00e9volu\u00e9s par rapport au moment de la date de mise \u00e0 jour de l\u2019index (1<sup>er<\/sup> du mois concern\u00e9). Les Index des joueurs et le Handicap de l\u2019\u00e9quipe ne seront pas modifi\u00e9s.<\/p>\n\n\n\n<p>La liste des \u00e9quipes tri\u00e9e par s\u00e9rie sera publi\u00e9e. Une fois cette liste publi\u00e9, tous changements n\u2019entraineront pas une modification des s\u00e9ries. Les joueurs ne peuvent pas demander aux organisateurs de changer de s\u00e9rie.<\/p>\n\n\n\n<h2 class=\"wp-block-heading has-black-color has-text-color\">ART10 : PRIX ET REMISE DE PRIX<\/h2>\n\n\n\n<p>Publication des r\u00e9sultats provisoires apr\u00e8s les 2 premiers Tour. Une publication des r\u00e9sultats d\u00e9finitifs est r\u00e9alis\u00e9e \u00e0 l\u2019issue de la remise des prix le 3<sup>\u00e8me<\/sup>&nbsp;Tour.<\/p>\n\n\n\n<p>Les joueurs jouent les 3 tours cons\u00e9cutifs d\u2019un Spot. En cas de scratch au cours d\u2019un Tour l\u2019\u00e9quipe est disqualifi\u00e9e pour le classement final et ne peut pr\u00e9tendre \u00e0 aucun prix et aucun remboursement des droits d\u2019engagement partiel ou total. Il en est de m\u00eame pour les \u00e9quipes ne respectant pas les r\u00e8gles de golf officielles.<\/p>\n\n\n\n<p>Par spot, les performances des joueurs sont r\u00e9compens\u00e9es ainsi&nbsp;:<\/p>\n\n\n\n<p><strong>1<sup>er<\/sup> Net \/ 3 tours&nbsp;: 1 \u00e9quipe par s\u00e9rie<\/strong><\/p>\n\n\n\n<p><strong>1<sup>er<\/sup> Brut terrain&nbsp;: 3 \u00e9quipes par s\u00e9rie<\/strong><\/p>\n\n\n\n<p><strong>1<sup>er<\/sup> Net terrain : 3 \u00e9quipes par s\u00e9rie<\/strong><\/p>\n\n\n\n<p><strong>1<sup>er<\/sup> Net Dames sur 3 tours<\/strong><\/p>\n\n\n\n<p><strong>6 Concours&nbsp;: 2 H\/F \/ tours<\/strong><\/p>\n\n\n\n<p><strong>2 Dress-code&nbsp;: 1 \u00e9quipe \/ tours 1 et 2<\/strong><\/p>\n\n\n\n<p><strong>5 Tirages au sort&nbsp;: 3 \u00e9quipes (green-fees Clubs) + 2 individuels (GF FFG)<\/strong><\/p>\n\n\n\n<p>Les prix seront remis par les partenaires de l\u2019\u00e9preuve. Les lots offerts, ne peuvent faire l\u2019objet d\u2019\u00e9changes en contrepartie financi\u00e8re \u00e0 la demande du b\u00e9n\u00e9ficiaire.<\/p>\n\n\n\n<p>R\u00e8gle de r\u00e9partition des dotations :<\/p>\n\n\n\n<p>Il n\u2019y a pas de cumul de lots pour les \u00e9quipes et pour les concours individuels.<\/p>\n\n\n\n<p>Le comit\u00e9 d\u2019\u00e9preuve est le seul \u00e0 d\u00e9cider de la r\u00e9partition des prix dans un souci d\u2019\u00e9quit\u00e9 entre l\u2019ensemble des joueurs.<\/p>\n\n\n\n<p>En cas d\u2019absence \u00e0 la remise des prix, ils b\u00e9n\u00e9ficient aux suivants<\/p>\n\n\n\n<p>La remise de prix a lieu \u00e0 l\u2019issue du dernier Tour \u00e0 partir de 18h00.<\/p>\n\n\n\n<p>La remise des prix est suivie \u00e0 18h45 d\u2019un cocktail puis d\u2019une Garden Party organis\u00e9e par le Club, <strong>anim\u00e9e par le D.J. du Scramble Golf Tour.<\/strong><\/p>\n\n\n\n<h2 class=\"wp-block-heading has-black-color has-text-color\">ART11&nbsp;: COMITE D\u2019EPREUVE<\/h2>\n\n\n\n<p>Le comit\u00e9 d\u2019\u00e9preuve est compos\u00e9 du Directeur du Club ou d\u2019un repr\u00e9sentant d\u00e9sign\u00e9 et les membres de l\u2019Organisation. Le Comit\u00e9 de l\u2019\u00e9preuve se r\u00e9serve le droit de modifier le pr\u00e9sent r\u00e8glement, en particulier la forme de jeu, les horaires de d\u00e9parts, d\u2019annuler tout ou partie de l\u2019\u00e9preuve, de faire varier le nombre de participants. Sa composition sera affich\u00e9e sur le Tableau Officiel.<\/p>\n\n\n\n<p>Dans l&rsquo;hypoth\u00e8se o\u00f9 le nombre de 90 inscrits payants pour un spot n&rsquo;est pas atteint dans les d\u00e9lais pr\u00e9vus au \u00a7 \u00ab&nbsp;Inscriptions&nbsp;\u00bb, la Ligue se r\u00e9serve le droit d&rsquo;annuler la totalit\u00e9 du spot sans aucun recours possible ni d\u00e9dommagement ni de la part des clubs ni de celle des inscrits qui eux seront simplement int\u00e9gralement rembours\u00e9s.<\/p>\n\n\n\n<p>Le comit\u00e9 d\u2019\u00e9preuve est le seul \u00e0 d\u00e9cider de la r\u00e9partition des prix.<\/p>\n\n\n\n<h2 class=\"wp-block-heading has-black-color has-text-color\">ART12&nbsp;: CHRONOLOGIE DES DATES<\/h2>\n\n\n\n<figure class=\"wp-block-table\"><table class=\"has-fixed-layout\"><tbody><tr><td><\/td><td>&nbsp;&nbsp; LORRAINE<\/td><td>CHAMPAGNE<br>\/ARDENNE<\/td><td>ALSACE NORD<\/td><td>ALSACE SUD<\/td><\/tr><tr><td>Ouverture inscription<\/td><td colspan=\"4\">10\/04\/2026<\/td><\/tr><tr><td>Dates \u00e9preuve<\/td><td>16 au 18\/07<\/td><td>23 au 25\/07<\/td><td>6 au 8\/08<\/td><td>12 au 14\/08<\/td><\/tr><tr><td>Cl\u00f4ture inscriptions<\/td><td>02-juil<\/td><td>9-juil<\/td><td>23-juil<\/td><td>30-juil<\/td><\/tr><tr><td>Publication liste d\u00e9finitive<\/td><td>04-juil<\/td><td>11-juil<\/td><td>25-juil<\/td><td>01-ao\u00fbt<\/td><\/tr><tr><td>Remboursement 100%<\/td><td>16-juin<\/td><td>23-juin<\/td><td>06-juil<\/td><td>10-juil<\/td><\/tr><tr><td>Remboursement 60%<\/td><td>02-juil<\/td><td>09-juil<\/td><td>23-juil<\/td><td>26-juil<\/td><\/tr><tr><td>Remboursement 50%<\/td><td>13-juil<\/td><td>21-juil<\/td><td>03-ao\u00fbt<\/td><td>07-ao\u00fbt<\/td><\/tr><tr><td>Mise \u00e0 jour index<\/td><td>01-juil<\/td><td>01-juil<\/td><td>20-juil<\/td><td>20-juil<\/td><\/tr><tr><td>Publication s\u00e9ries<\/td><td>10-juil<\/td><td>17-juil<\/td><td>31-juil<\/td><td>07-ao\u00fbt<\/td><\/tr><tr><td>Publication d\u00e9parts<\/td><td>14-juil<\/td><td>21-juil<\/td><td>4-ao\u00fbt<\/td><td>10-ao\u00fbt<\/td><\/tr><\/tbody><\/table><\/figure>\n","protected":false},"excerpt":{"rendered":"<p>INFORMATIONS et REGLEMENT Edition 2026 Scramble Tour R\u00e9gion Grand Est | 7\u00e8me \u00e9dition 2026 LORRAINE | 16-17-18 juillet 2026 Golf de Sarreguemines Golf de Ch\u00e9risey Golf de Faulquemont CHAMPAGNE | 23-24-25 juillet 2026&nbsp; Golf de Reims Golf de Ch\u00e2lons-en-Champagne Golf de Combles-en-Barrois ALSACE67 | 6-7-8 ao\u00fbt 2026 Golf de Soufflenheim Golf de Bitche Golf de [&hellip;]<\/p>\n","protected":false},"author":3,"featured_media":0,"parent":0,"menu_order":0,"comment_status":"closed","ping_status":"closed","template":"page-templates\/page-full-width.php","meta":{"footnotes":""},"class_list":["post-14","page","type-page","status-publish","hentry"],"_links":{"self":[{"href":"https:\/\/scramblegolftour.org\/index.php\/wp-json\/wp\/v2\/pages\/14","targetHints":{"allow":["GET"]}}],"collection":[{"href":"https:\/\/scramblegolftour.org\/index.php\/wp-json\/wp\/v2\/pages"}],"about":[{"href":"https:\/\/scramblegolftour.org\/index.php\/wp-json\/wp\/v2\/types\/page"}],"author":[{"embeddable":true,"href":"https:\/\/scramblegolftour.org\/index.php\/wp-json\/wp\/v2\/users\/3"}],"replies":[{"embeddable":true,"href":"https:\/\/scramblegolftour.org\/index.php\/wp-json\/wp\/v2\/comments?post=14"}],"version-history":[{"count":22,"href":"https:\/\/scramblegolftour.org\/index.php\/wp-json\/wp\/v2\/pages\/14\/revisions"}],"predecessor-version":[{"id":9319,"href":"https:\/\/scramblegolftour.org\/index.php\/wp-json\/wp\/v2\/pages\/14\/revisions\/9319"}],"wp:attachment":[{"href":"https:\/\/scramblegolftour.org\/index.php\/wp-json\/wp\/v2\/media?parent=14"}],"curies":[{"name":"wp","href":"https:\/\/api.w.org\/{rel}","templated":true}]}}